{"id":2,"date":"2016-05-10T03:48:21","date_gmt":"2016-05-10T03:48:21","guid":{"rendered":"http:\/\/hh-kfz-mietwerkstatt.de\/?page_id=2"},"modified":"2019-01-30T22:51:44","modified_gmt":"2019-01-30T22:51:44","slug":"sample-page","status":"publish","type":"page","link":"http:\/\/hh-kfz-mietwerkstatt.de\/","title":{"rendered":""},"content":{"rendered":"\n<div class=\"wp-block-cover has-background-dim\" style=\"background-image:url(http:\/\/hh-kfz-mietwerkstatt.de\/wp-content\/uploads\/2019\/01\/AYXZ0463.jpg)\"><p class=\"wp-block-cover-text\">Wir sind umgezogen <br>Rufen Sie uns an! <br>\u25bc<br><br><\/p><\/div>\n\n\n\n<div class=\"uagb-infobox__outer-wrap\" id=\"uagb-infobox-ef16c141-4629-469b-bdf4-d499e641a844\"><div class=\"uagb-infobox__content-wrap uagb-infobox uagb-infobox-has-icon uagb-infobox-icon-above-title uagb-infobox-image-valign-top uagb-infobox-enable-border-radius \"><div class=\"uagb-ifb-left-right-wrap\"><div class=\"uagb-ifb-content\"><div class=\"uagb-ifb-image-icon-content uagb-ifb-imgicon-wrap\"><div class=\"uagb-ifb-icon-wrap\"><span class=\"uagb-ifb-icon\"><span class=\"fa fa-star\"><\/span><\/span><\/div><\/div><div class=\"uagb-ifb-title-wrap\"><span class=\"uagb-ifb-title-prefix\">H&amp;H KFZ Fachreparatur &amp; Mietwerkstatt Aachen<\/span><h3 class=\"uagb-ifb-title\"> Tel : 003145 &#8211; 5316385  \/   Mob : 0175 &#8211; 1288188<br><\/h3><\/div><div class=\"uagb-ifb-separator-parent\"><div class=\"uagb-ifb-separator\"><\/div><\/div><div class=\"uagb-ifb-text-wrap\"><p class=\"uagb-ifb-desc\">Email : info@hh-kfz-mietwerkstatt.de \/  Web :  www.hh-kfz-mietwerkstatt.de<\/p><\/div><\/div><\/div><\/div><\/div>\n\n\n\n<div class=\"wp-block-kadence-spacer aligncenter kt-block-spacer-_5ef03f-0f\"><div class=\"kt-block-spacer kt-block-spacer-halign-center\" style=\"height:67px\"><hr class=\"kt-divider\" style=\"border-top-color:rgba(238, 238, 238, 1);border-top-width:1px;width:80%;border-top-style:solid\"\/><\/div><\/div>\n\n\n\n<p style=\"text-align:center\" class=\"has-medium-font-size\">KFZ-Meisterwerkstatt<br> Abschleppdienst<br> BMW-Spezialist<br> Reparaturen aller Marken<br> OBD Fahrzeugdiagnose<br> Inspektion<\/p>\n\n\n\n<div class=\"wp-block-kadence-spacer aligncenter kt-block-spacer-_cc006a-d9\"><div class=\"kt-block-spacer kt-block-spacer-halign-center\" style=\"height:20px\"><hr class=\"kt-divider\" style=\"border-top-color:rgba(238, 238, 238, 1);border-top-width:1px;width:80%;border-top-style:solid\"\/><\/div><\/div>\n\n\n\n<div class=\"wp-block-image\"><figure class=\"aligncenter is-resized\"><img loading=\"lazy\" src=\"http:\/\/hh-kfz-mietwerkstatt.de\/wp-content\/uploads\/2019\/01\/motoo.jpg\" alt=\"\" class=\"wp-image-165\" width=\"237\" height=\"187\" srcset=\"http:\/\/hh-kfz-mietwerkstatt.de\/wp-content\/uploads\/2019\/01\/motoo.jpg 473w, http:\/\/hh-kfz-mietwerkstatt.de\/wp-content\/uploads\/2019\/01\/motoo-300x237.jpg 300w\" sizes=\"(max-width: 237px) 100vw, 237px\" \/><\/figure><\/div>\n\n\n\n<div class=\"wp-block-kadence-spacer aligncenter kt-block-spacer-_eaccf3-a0\"><div class=\"kt-block-spacer kt-block-spacer-halign-center\" style=\"height:20px\"><hr class=\"kt-divider\" style=\"border-top-color:rgba(238, 238, 238, 1);border-top-width:1px;width:80%;border-top-style:solid\"\/><\/div><\/div>\n\n\n\n<p style=\"text-align:center\" class=\"has-medium-font-size\">T\u00fcv Vorbereitung<br> Reifendienst<br> Bremsenservice<br> Unfallreparatur<br> Fahrzeug An &amp; Verkauf<br> Mietwerkstatt<\/p>\n\n\n\n<div class=\"wp-block-kadence-spacer aligncenter kt-block-spacer-_1c6ffd-7d\"><div class=\"kt-block-spacer kt-block-spacer-halign-center\" style=\"height:60px\"><hr class=\"kt-divider\" style=\"border-top-color:rgba(238, 238, 238, 1);border-top-width:1px;width:80%;border-top-style:solid\"\/><\/div><\/div>\n\n\n\n<h4 style=\"text-align:center\">WILLKOMMEN BEI H&amp;H KFZ FACHREPARATUR &amp; MIETWERKSTATT<\/h4>\n\n\n\n<p style=\"text-align:center\"><br>Bei uns k\u00f6nnen Sie\/wir alle Arbeiten rund ums Auto g\u00fcnstig erledigen.<br>Sollten Sie mal nicht weiter wissen, steht Ihnen unser Qualifiziertes Fachpersonal jederzeit zur Seite.<br>Mit insgesamt 6 Hebeb\u00fchnen haben wir ausreichend Platz, damit Sie\/wir an Ihrem Fahrzeug ungest\u00f6rt Arbeiten k\u00f6nnen.<br>Unsere Arbeitsger\u00e4te und Werkzeuge befinden sich auf dem Neusten Stand der Technik.<br>In unserer komplett ausgestatteten Werkstatt Sind alle Werkzeuge die Sie\/wir brauchen f\u00fcr Ihre Reparatur !<br>Dar\u00fcber hinaus verf\u00fcgen wir \u00fcber ein gro\u00dfes Ersatzteil Netzwerk und k\u00f6nnen Ihnen s\u00e4mtliche Ersatzteile, kosteng\u00fcnstig und in kurzer Zeit beschaffe<\/p>\n\n\n\n<div class=\"wp-block-kadence-spacer aligncenter kt-block-spacer-_66aefd-75\"><div class=\"kt-block-spacer kt-block-spacer-halign-center\" style=\"height:66px\"><hr class=\"kt-divider\" style=\"border-top-color:rgba(238, 238, 238, 1);border-top-width:1px;width:80%;border-top-style:solid\"\/><\/div><\/div>\n\n\n\r\n\t\t\t\t<div class=\"foogallery foogallery-container foogallery-default foogallery-lightbox-none fg-gutter-10 fg-center fg-default fg-light fg-border-thin fg-shadow-outline fg-loading-default fg-loaded-fade-in fg-caption-hover fg-hover-fade fg-hover-zoom fg-ready\" id=\"foogallery-gallery-57\" data-foogallery=\"{&quot;item&quot;:{&quot;showCaptionTitle&quot;:true,&quot;showCaptionDescription&quot;:true},&quot;lazy&quot;:true}\" >\r\n\t<div class=\"fg-item fg-type-image fg-idle\"><figure class=\"fg-item-inner\"><a href=\"http:\/\/hh-kfz-mietwerkstatt.de\/wp-content\/uploads\/2019\/01\/IMG_0288.jpg\" data-attachment-id=\"137\" class=\"fg-thumb\"><span class=\"fg-image-wrap\"><img loading=\"lazy\" width=\"150\" height=\"150\" class=\"skip-lazy fg-image\" data-src-fg=\"http:\/\/hh-kfz-mietwerkstatt.de\/wp-content\/uploads\/cache\/2019\/01\/IMG_0288\/875982811.jpg\" src=\"data:image\/svg+xml,%3Csvg%20xmlns%3D%22http%3A%2F%2Fwww.w3.org%2F2000%2Fsvg%22%20width%3D%22150%22%20height%3D%22150%22%20viewBox%3D%220%200%20150%20150%22%3E%3C%2Fsvg%3E\"><\/span><span class=\"fg-image-overlay\"><\/span><\/a><figcaption class=\"fg-caption\"><div class=\"fg-caption-inner\"><\/div><\/figcaption><\/figure><div class=\"fg-loader\"><\/div><\/div><div class=\"fg-item fg-type-image fg-idle\"><figure class=\"fg-item-inner\"><a href=\"http:\/\/hh-kfz-mietwerkstatt.de\/wp-content\/uploads\/2019\/01\/IMG_9892.jpg\" data-attachment-id=\"138\" class=\"fg-thumb\"><span class=\"fg-image-wrap\"><img loading=\"lazy\" width=\"150\" height=\"150\" class=\"skip-lazy fg-image\" data-src-fg=\"http:\/\/hh-kfz-mietwerkstatt.de\/wp-content\/uploads\/cache\/2019\/01\/IMG_9892\/325239286.jpg\" src=\"data:image\/svg+xml,%3Csvg%20xmlns%3D%22http%3A%2F%2Fwww.w3.org%2F2000%2Fsvg%22%20width%3D%22150%22%20height%3D%22150%22%20viewBox%3D%220%200%20150%20150%22%3E%3C%2Fsvg%3E\"><\/span><span class=\"fg-image-overlay\"><\/span><\/a><figcaption class=\"fg-caption\"><div class=\"fg-caption-inner\"><\/div><\/figcaption><\/figure><div class=\"fg-loader\"><\/div><\/div><div class=\"fg-item fg-type-image fg-idle\"><figure class=\"fg-item-inner\"><a href=\"http:\/\/hh-kfz-mietwerkstatt.de\/wp-content\/uploads\/2019\/01\/IMG_0284.jpg\" data-attachment-id=\"145\" class=\"fg-thumb\"><span class=\"fg-image-wrap\"><img loading=\"lazy\" width=\"150\" height=\"150\" class=\"skip-lazy fg-image\" data-src-fg=\"http:\/\/hh-kfz-mietwerkstatt.de\/wp-content\/uploads\/cache\/2019\/01\/IMG_0284\/3066167548.jpg\" src=\"data:image\/svg+xml,%3Csvg%20xmlns%3D%22http%3A%2F%2Fwww.w3.org%2F2000%2Fsvg%22%20width%3D%22150%22%20height%3D%22150%22%20viewBox%3D%220%200%20150%20150%22%3E%3C%2Fsvg%3E\"><\/span><span class=\"fg-image-overlay\"><\/span><\/a><figcaption class=\"fg-caption\"><div class=\"fg-caption-inner\"><\/div><\/figcaption><\/figure><div class=\"fg-loader\"><\/div><\/div><div class=\"fg-item fg-type-image fg-idle\"><figure class=\"fg-item-inner\"><a href=\"http:\/\/hh-kfz-mietwerkstatt.de\/wp-content\/uploads\/2019\/01\/HH1.jpg\" data-attachment-id=\"179\" class=\"fg-thumb\"><span class=\"fg-image-wrap\"><img loading=\"lazy\" width=\"150\" height=\"150\" class=\"skip-lazy fg-image\" data-src-fg=\"http:\/\/hh-kfz-mietwerkstatt.de\/wp-content\/uploads\/cache\/2019\/01\/HH1\/778935769.jpg\" src=\"data:image\/svg+xml,%3Csvg%20xmlns%3D%22http%3A%2F%2Fwww.w3.org%2F2000%2Fsvg%22%20width%3D%22150%22%20height%3D%22150%22%20viewBox%3D%220%200%20150%20150%22%3E%3C%2Fsvg%3E\"><\/span><span class=\"fg-image-overlay\"><\/span><\/a><figcaption class=\"fg-caption\"><div class=\"fg-caption-inner\"><\/div><\/figcaption><\/figure><div class=\"fg-loader\"><\/div><\/div><\/div>\r\n\n\n\n<div class=\"wp-block-kadence-spacer aligncenter kt-block-spacer-_9c7467-9e\"><div class=\"kt-block-spacer kt-block-spacer-halign-center\" style=\"height:130px\"><hr class=\"kt-divider\" style=\"border-top-color:rgba(255, 255, 255, 1);border-top-width:1px;width:100%;border-top-style:solid\"\/><\/div><\/div>\n\n\n\n<div class=\"wp-block-advgb-contact-form advgb-contact-form\"><form method=\"POST\"><div class=\"advgb-form-field advgb-form-field-half\"><input type=\"text\" class=\"advgb-form-input advgb-form-input-name\" placeholder=\"Namen\" name=\"contact_name\" style=\"border-radius:0\"\/><\/div><div class=\"advgb-form-field advgb-form-field-half\"><input type=\"email\" class=\"advgb-form-input advgb-form-input-email\" placeholder=\"E-Mail-Adresse\" name=\"contact_email\" style=\"border-radius:0\"\/><\/div><div class=\"advgb-form-field advgb-form-field-full\"><textarea class=\"advgb-form-input advgb-form-input-msg\" placeholder=\"Nachricht eingeben\" name=\"contact_message\" style=\"border-radius:0\"><\/textarea><\/div><input type=\"hidden\" name=\"advgb_blockform_nonce_field\" value=\"c43e949078\"><div class=\"advgb-form-submit-wrapper\" style=\"text-align:center\"><button class=\"advgb-form-submit\" type=\"submit\" style=\"border-radius:0\">Senden<\/button><\/div><\/form><\/div>\n\n\n\n<div class=\"wp-block-kadence-spacer aligncenter kt-block-spacer-_601379-81\"><div class=\"kt-block-spacer kt-block-spacer-halign-center\" style=\"height:60px\"><hr class=\"kt-divider\" style=\"border-top-color:rgba(238, 238, 238, 1);border-top-width:1px;width:80%;border-top-style:solid\"\/><\/div><\/div>\n\n\n\n<div class=\"wp-block-uagb-google-map uagb-google-map__wrap\" id=\"uagb-google-map-d20f5eeb-b62c-4045-ab08-8dfd7e8b6777\"><iframe class=\"uagb-google-map__iframe\" src=\"https:\/\/www.google.com\/maps\/embed\/v1\/place?key=AIzaSyAsd_d46higiozY-zNqtr7zdA81Soswje4&amp;q=Reeweg%20116A,%206374%20BZ%20Landgraaf,%20Netherlands&amp;zoom=12\" style=\"height:300px\"><\/iframe><\/div>\n<style class=\"advgb-styles-renderer\">\r\n\t#foogallery-gallery-57 .fg-image {\r\n        width: 150px;\r\n    }\r\n<\/style>","protected":false},"excerpt":{"rendered":"<p>KFZ-Meisterwerkstatt Abschleppdienst BMW-Spezialist Reparaturen aller Marken OBD Fahrzeugdiagnose Inspektion T\u00fcv Vorbereitung Reifendienst Bremsenservice Unfallreparatur Fahrzeug An &amp; Verkauf Mietwerkstatt WILLKOMMEN BEI H&amp;H KFZ FACHREPARATUR &amp; MIETWERKSTATT Bei uns k\u00f6nnen Sie\/wir alle Arbeiten rund ums Auto g\u00fcnstig erledigen.Sollten Sie mal nicht weiter wissen, steht Ihnen unser Qualifiziertes Fachpersonal jederzeit zur Seite.Mit insgesamt 6 Hebeb\u00fchnen haben wir [&hellip;]<\/p>\n","protected":false},"author":1,"featured_media":17,"parent":0,"menu_order":0,"comment_status":"closed","ping_status":"open","template":"template-parts\/template-homepage.php","meta":{"advgb_blocks_editor_width":"","advgb_blocks_columns_visual_guide":"","kt_blocks_editor_width":""},"coauthors":[],"author_meta":{"author_link":"http:\/\/hh-kfz-mietwerkstatt.de\/?author=1","display_name":"DDautomotive"},"relative_dates":{"created":"Posted 10\u00a0Jahren ago","modified":"Updated 7\u00a0Jahren ago"},"absolute_dates":{"created":"Posted on Mai 10, 2016","modified":"Updated on Januar 30, 2019"},"absolute_dates_time":{"created":"Posted on Mai 10, 2016 3:48 a.m.","modified":"Updated on Januar 30, 2019 10:51 p.m."},"featured_img_caption":"","featured_img":"http:\/\/hh-kfz-mietwerkstatt.de\/wp-content\/uploads\/2019\/01\/Vakgarage-DHZ-garage-DD-automotive-Landgraaf-april-2016-1-1-300x300.jpg","uagb_featured_image_src":{"full":["http:\/\/hh-kfz-mietwerkstatt.de\/wp-content\/uploads\/2019\/01\/Vakgarage-DHZ-garage-DD-automotive-Landgraaf-april-2016-1-1.jpg",1600,1200,false],"thumbnail":["http:\/\/hh-kfz-mietwerkstatt.de\/wp-content\/uploads\/2019\/01\/Vakgarage-DHZ-garage-DD-automotive-Landgraaf-april-2016-1-1-150x150.jpg",150,150,true],"medium":["http:\/\/hh-kfz-mietwerkstatt.de\/wp-content\/uploads\/2019\/01\/Vakgarage-DHZ-garage-DD-automotive-Landgraaf-april-2016-1-1-300x225.jpg",300,225,true],"medium_large":["http:\/\/hh-kfz-mietwerkstatt.de\/wp-content\/uploads\/2019\/01\/Vakgarage-DHZ-garage-DD-automotive-Landgraaf-april-2016-1-1-768x576.jpg",768,576,true],"large":["http:\/\/hh-kfz-mietwerkstatt.de\/wp-content\/uploads\/2019\/01\/Vakgarage-DHZ-garage-DD-automotive-Landgraaf-april-2016-1-1-1024x768.jpg",1024,768,true],"rpg_gallery_admin_thumb":["http:\/\/hh-kfz-mietwerkstatt.de\/wp-content\/uploads\/2019\/01\/Vakgarage-DHZ-garage-DD-automotive-Landgraaf-april-2016-1-1.jpg",150,113,false],"rpg_gallery_thumb":["http:\/\/hh-kfz-mietwerkstatt.de\/wp-content\/uploads\/2019\/01\/Vakgarage-DHZ-garage-DD-automotive-Landgraaf-april-2016-1-1.jpg",150,113,false],"1536x1536":["http:\/\/hh-kfz-mietwerkstatt.de\/wp-content\/uploads\/2019\/01\/Vakgarage-DHZ-garage-DD-automotive-Landgraaf-april-2016-1-1.jpg",1536,1152,false],"2048x2048":["http:\/\/hh-kfz-mietwerkstatt.de\/wp-content\/uploads\/2019\/01\/Vakgarage-DHZ-garage-DD-automotive-Landgraaf-april-2016-1-1.jpg",1600,1200,false],"post-thumbnail":["http:\/\/hh-kfz-mietwerkstatt.de\/wp-content\/uploads\/2019\/01\/Vakgarage-DHZ-garage-DD-automotive-Landgraaf-april-2016-1-1-300x300.jpg",300,300,true],"bulk-single":["http:\/\/hh-kfz-mietwerkstatt.de\/wp-content\/uploads\/2019\/01\/Vakgarage-DHZ-garage-DD-automotive-Landgraaf-april-2016-1-1-1170x460.jpg",1170,460,true]},"uagb_author_info":{"display_name":"DDautomotive","author_link":"http:\/\/hh-kfz-mietwerkstatt.de\/?author=1"},"uagb_comment_info":0,"uagb_excerpt":"KFZ-Meisterwerkstatt Abschleppdienst BMW-Spezialist Reparaturen aller Marken OBD Fahrzeugdiagnose Inspektion T\u00fcv Vorbereitung Reifendienst Bremsenservice Unfallreparatur Fahrzeug An &amp; Verkauf Mietwerkstatt WILLKOMMEN BEI H&amp;H KFZ FACHREPARATUR &amp; MIETWERKSTATT Bei uns k\u00f6nnen Sie\/wir alle Arbeiten rund ums Auto g\u00fcnstig erledigen.Sollten Sie mal nicht weiter wissen, steht Ihnen unser Qualifiziertes Fachpersonal jederzeit zur Seite.Mit insgesamt 6 Hebeb\u00fchnen haben wir&hellip;","_links":{"self":[{"href":"http:\/\/hh-kfz-mietwerkstatt.de\/index.php?rest_route=\/wp\/v2\/pages\/2"}],"collection":[{"href":"http:\/\/hh-kfz-mietwerkstatt.de\/index.php?rest_route=\/wp\/v2\/pages"}],"about":[{"href":"http:\/\/hh-kfz-mietwerkstatt.de\/index.php?rest_route=\/wp\/v2\/types\/page"}],"author":[{"embeddable":true,"href":"http:\/\/hh-kfz-mietwerkstatt.de\/index.php?rest_route=\/wp\/v2\/users\/1"}],"replies":[{"embeddable":true,"href":"http:\/\/hh-kfz-mietwerkstatt.de\/index.php?rest_route=%2Fwp%2Fv2%2Fcomments&post=2"}],"version-history":[{"count":61,"href":"http:\/\/hh-kfz-mietwerkstatt.de\/index.php?rest_route=\/wp\/v2\/pages\/2\/revisions"}],"predecessor-version":[{"id":227,"href":"http:\/\/hh-kfz-mietwerkstatt.de\/index.php?rest_route=\/wp\/v2\/pages\/2\/revisions\/227"}],"wp:featuredmedia":[{"embeddable":true,"href":"http:\/\/hh-kfz-mietwerkstatt.de\/index.php?rest_route=\/wp\/v2\/media\/17"}],"wp:attachment":[{"href":"http:\/\/hh-kfz-mietwerkstatt.de\/index.php?rest_route=%2Fwp%2Fv2%2Fmedia&parent=2"}],"curies":[{"name":"wp","href":"https:\/\/api.w.org\/{rel}","templated":true}]}}